{"id":6153,"date":"2020-05-18T04:43:59","date_gmt":"2020-05-18T04:43:59","guid":{"rendered":"https:\/\/akmirgroup.com\/%d0%b1%d1%96%d0%b7%d0%b4%d1%96%d2%a3-%d0%b6%d0%be%d0%b1%d0%b0%d0%bb%d0%b0%d1%80\/"},"modified":"2022-11-15T06:47:53","modified_gmt":"2022-11-15T06:47:53","slug":"%d0%b1%d1%96%d0%b7%d0%b4%d1%96%d2%a3-%d0%b6%d0%be%d0%b1%d0%b0%d0%bb%d0%b0%d1%80","status":"publish","type":"page","link":"https:\/\/akmirgroup.com\/kz\/%d0%b1%d1%96%d0%b7%d0%b4%d1%96%d2%a3-%d0%b6%d0%be%d0%b1%d0%b0%d0%bb%d0%b0%d1%80\/","title":{"rendered":"\u0431\u0456\u0437\u0434\u0456\u04a3 \u0436\u043e\u0431\u0430\u043b\u0430\u0440"},"content":{"rendered":"\t\t<div data-elementor-type=\"wp-page\" data-elementor-id=\"6153\" class=\"elementor elementor-6153\">\n\t\t\t\t\t\t\t\t\t<section class=\"elementor-section elementor-top-section elementor-element elementor-element-b29e3dd elementor-section-boxed elementor-section-height-default elementor-section-height-default\" data-id=\"b29e3dd\" data-element_type=\"section\">\n\t\t\t\t\t\t<div class=\"elementor-container elementor-column-gap-default\">\n\t\t\t\t\t<div class=\"elementor-column elementor-col-100 elementor-top-column elementor-element elementor-element-d6303c8 ot-flex-column-vertical\" data-id=\"d6303c8\" data-element_type=\"column\">\n\t\t\t<div class=\"elementor-widget-wrap elementor-element-populated\">\n\t\t\t\t\t\t\t\t<div class=\"elementor-element elementor-element-e09abd0 theratio-align-center elementor-widget elementor-widget-iheading\" data-id=\"e09abd0\" data-element_type=\"widget\" data-widget_type=\"iheading.default\">\n\t\t\t\t<div class=\"elementor-widget-container\">\n\t\t\t\t\t<div class=\"ot-heading is-dots\">\r\n\t        \t            <span>[ \u0431\u0456\u0437\u0434\u0456\u04a3 \u0436\u043e\u0431\u0430\u043b\u0430\u0440 ]<\/span>\r\n\t        \t        <h2 class=\"main-heading\">\u0411\u0456\u0437 \u043e\u0440\u044b\u043d\u0434\u0430\u0493\u0430\u043d \u0436\u043e\u0431\u0430\u043b\u0430\u0440 <\/h2>\r\n\t        \t    <\/div>\r\n\t    \t\t<\/div>\n\t\t\t\t<\/div>\n\t\t\t\t<div class=\"elementor-element elementor-element-1089088 elementor-widget elementor-widget-ipfilter\" data-id=\"1089088\" data-element_type=\"widget\" data-widget_type=\"ipfilter.default\">\n\t\t\t\t<div class=\"elementor-widget-container\">\n\t\t\t\r\n\t\t<div class=\"project-filter-wrapper\">\r\n\t\t\t\t\t\t\t        <div class=\"projects-grid pf_3_cols style-1 img-scale w-auto\" data-load=\"38\" data-count=\"19\">\r\n\t\t\t<div class=\"grid-sizer\"><\/div>\r\n\t            \r\n<div class=\"project-item \">\r\n\t<div class=\"projects-box\">\r\n\t\t<div class=\"projects-thumbnail\" data-src=\"https:\/\/akmirgroup.com\/wp-content\/uploads\/2022\/10\/hastane1.jpg\" data-sub-html=\"\u043c\u0435\u0434\u0438\u0446\u0438\u043d\u0430\u043b\u044b\u049b \u043e\u0440\u0442\u0430\u043b\u044b\u049b\">\r\n\t\t\t<a href=\"https:\/\/akmirgroup.com\/kz\/proje\/%d0%bc%d0%b5%d0%b4%d0%b8%d1%86%d0%b8%d0%bd%d0%b0%d0%bb%d1%8b%d2%9b-%d0%be%d1%80%d1%82%d0%b0%d0%bb%d1%8b%d2%9b\/\">\r\n\t\t\t\t<img loading=\"lazy\" decoding=\"async\" width=\"720\" height=\"720\" src=\"https:\/\/akmirgroup.com\/wp-content\/uploads\/2022\/10\/hastane1.jpg\" class=\"attachment-theratio-portfolio-thumbnail-grid size-theratio-portfolio-thumbnail-grid wp-post-image\" alt=\"\" srcset=\"https:\/\/akmirgroup.com\/wp-content\/uploads\/2022\/10\/hastane1.jpg 721w, https:\/\/akmirgroup.com\/wp-content\/uploads\/2022\/10\/hastane1-300x300.jpg 300w, https:\/\/akmirgroup.com\/wp-content\/uploads\/2022\/10\/hastane1-150x150.jpg 150w\" sizes=\"auto, (max-width: 720px) 100vw, 720px\" \/>\t\t\t<\/a>\r\n\t\t\t\r\n\t\t\t<span class=\"overlay\">\r\n\t\t\t\t<h5>\u043c\u0435\u0434\u0438\u0446\u0438\u043d\u0430\u043b\u044b\u049b \u043e\u0440\u0442\u0430\u043b\u044b\u049b<\/h5>\r\n\t\t\t\t<i class=\"ot-flaticon-add\"><\/i>\r\n\t\t\t<\/span>\r\n\t\t<\/div>\r\n\t\t<div class=\"portfolio-info\">\r\n\t\t\t<div class=\"portfolio-info-inner\">\r\n\t\t\t\t<h5><a class=\"title-link\" href=\"https:\/\/akmirgroup.com\/kz\/proje\/%d0%bc%d0%b5%d0%b4%d0%b8%d1%86%d0%b8%d0%bd%d0%b0%d0%bb%d1%8b%d2%9b-%d0%be%d1%80%d1%82%d0%b0%d0%bb%d1%8b%d2%9b\/\" data-src=\"https:\/\/akmirgroup.com\/wp-content\/uploads\/2022\/10\/hastane1.jpg\" data-sub-html=\"\u043c\u0435\u0434\u0438\u0446\u0438\u043d\u0430\u043b\u044b\u049b \u043e\u0440\u0442\u0430\u043b\u044b\u049b\">\u043c\u0435\u0434\u0438\u0446\u0438\u043d\u0430\u043b\u044b\u049b \u043e\u0440\u0442\u0430\u043b\u044b\u049b<\/a><\/h5>\r\n\t\t\t\t \r\n\t\t\t<\/div>\r\n\t\t\t<a class=\"overlay\" href=\"https:\/\/akmirgroup.com\/kz\/proje\/%d0%bc%d0%b5%d0%b4%d0%b8%d1%86%d0%b8%d0%bd%d0%b0%d0%bb%d1%8b%d2%9b-%d0%be%d1%80%d1%82%d0%b0%d0%bb%d1%8b%d2%9b\/\"><\/a>\r\n\t\t<\/div>\r\n\t<\/div>\r\n<\/div>\r\n<div class=\"project-item \">\r\n\t<div class=\"projects-box\">\r\n\t\t<div class=\"projects-thumbnail\" data-src=\"https:\/\/akmirgroup.com\/wp-content\/uploads\/2022\/10\/villa.jpg\" data-sub-html=\"\u0441\u0430\u0439\u0442 \u0436\u043e\u0431\u0430\u0441\u044b\">\r\n\t\t\t<a href=\"https:\/\/akmirgroup.com\/kz\/proje\/%d1%81%d0%b0%d0%b9%d1%82-%d0%b6%d0%be%d0%b1%d0%b0%d1%81%d1%8b\/\">\r\n\t\t\t\t<img loading=\"lazy\" decoding=\"async\" width=\"720\" height=\"720\" src=\"https:\/\/akmirgroup.com\/wp-content\/uploads\/2022\/10\/villa.jpg\" class=\"attachment-theratio-portfolio-thumbnail-grid size-theratio-portfolio-thumbnail-grid wp-post-image\" alt=\"\" srcset=\"https:\/\/akmirgroup.com\/wp-content\/uploads\/2022\/10\/villa.jpg 721w, https:\/\/akmirgroup.com\/wp-content\/uploads\/2022\/10\/villa-300x300.jpg 300w, https:\/\/akmirgroup.com\/wp-content\/uploads\/2022\/10\/villa-150x150.jpg 150w\" sizes=\"auto, (max-width: 720px) 100vw, 720px\" \/>\t\t\t<\/a>\r\n\t\t\t\r\n\t\t\t<span class=\"overlay\">\r\n\t\t\t\t<h5>\u0441\u0430\u0439\u0442 \u0436\u043e\u0431\u0430\u0441\u044b<\/h5>\r\n\t\t\t\t<i class=\"ot-flaticon-add\"><\/i>\r\n\t\t\t<\/span>\r\n\t\t<\/div>\r\n\t\t<div class=\"portfolio-info\">\r\n\t\t\t<div class=\"portfolio-info-inner\">\r\n\t\t\t\t<h5><a class=\"title-link\" href=\"https:\/\/akmirgroup.com\/kz\/proje\/%d1%81%d0%b0%d0%b9%d1%82-%d0%b6%d0%be%d0%b1%d0%b0%d1%81%d1%8b\/\" data-src=\"https:\/\/akmirgroup.com\/wp-content\/uploads\/2022\/10\/villa.jpg\" data-sub-html=\"\u0441\u0430\u0439\u0442 \u0436\u043e\u0431\u0430\u0441\u044b\">\u0441\u0430\u0439\u0442 \u0436\u043e\u0431\u0430\u0441\u044b<\/a><\/h5>\r\n\t\t\t\t \r\n\t\t\t<\/div>\r\n\t\t\t<a class=\"overlay\" href=\"https:\/\/akmirgroup.com\/kz\/proje\/%d1%81%d0%b0%d0%b9%d1%82-%d0%b6%d0%be%d0%b1%d0%b0%d1%81%d1%8b\/\"><\/a>\r\n\t\t<\/div>\r\n\t<\/div>\r\n<\/div>\r\n<div class=\"project-item \">\r\n\t<div class=\"projects-box\">\r\n\t\t<div class=\"projects-thumbnail\" data-src=\"https:\/\/akmirgroup.com\/wp-content\/uploads\/2022\/09\/1-2.jpg\" data-sub-html=\"K\u0131rg\u0131zistan, Bi\u015fkek Dordoi Plaza LCW\">\r\n\t\t\t<a href=\"https:\/\/akmirgroup.com\/kz\/proje\/kirgizistan-biskek-dordoi-plaza-lcw\/\">\r\n\t\t\t\t<img loading=\"lazy\" decoding=\"async\" width=\"720\" height=\"720\" src=\"https:\/\/akmirgroup.com\/wp-content\/uploads\/2022\/09\/1-2.jpg\" class=\"attachment-theratio-portfolio-thumbnail-grid size-theratio-portfolio-thumbnail-grid wp-post-image\" alt=\"\" srcset=\"https:\/\/akmirgroup.com\/wp-content\/uploads\/2022\/09\/1-2.jpg 721w, https:\/\/akmirgroup.com\/wp-content\/uploads\/2022\/09\/1-2-300x300.jpg 300w, https:\/\/akmirgroup.com\/wp-content\/uploads\/2022\/09\/1-2-150x150.jpg 150w\" sizes=\"auto, (max-width: 720px) 100vw, 720px\" \/>\t\t\t<\/a>\r\n\t\t\t\r\n\t\t\t<span class=\"overlay\">\r\n\t\t\t\t<h5>K\u0131rg\u0131zistan, Bi\u015fkek Dordoi Plaza LCW<\/h5>\r\n\t\t\t\t<i class=\"ot-flaticon-add\"><\/i>\r\n\t\t\t<\/span>\r\n\t\t<\/div>\r\n\t\t<div class=\"portfolio-info\">\r\n\t\t\t<div class=\"portfolio-info-inner\">\r\n\t\t\t\t<h5><a class=\"title-link\" href=\"https:\/\/akmirgroup.com\/kz\/proje\/kirgizistan-biskek-dordoi-plaza-lcw\/\" data-src=\"https:\/\/akmirgroup.com\/wp-content\/uploads\/2022\/09\/1-2.jpg\" data-sub-html=\"K\u0131rg\u0131zistan, Bi\u015fkek Dordoi Plaza LCW\">K\u0131rg\u0131zistan, Bi\u015fkek Dordoi Plaza LCW<\/a><\/h5>\r\n\t\t\t\t \r\n\t\t\t<\/div>\r\n\t\t\t<a class=\"overlay\" href=\"https:\/\/akmirgroup.com\/kz\/proje\/kirgizistan-biskek-dordoi-plaza-lcw\/\"><\/a>\r\n\t\t<\/div>\r\n\t<\/div>\r\n<\/div>\r\n<div class=\"project-item \">\r\n\t<div class=\"projects-box\">\r\n\t\t<div class=\"projects-thumbnail\" data-src=\"https:\/\/akmirgroup.com\/wp-content\/uploads\/2022\/09\/dde.jpg\" data-sub-html=\"\u00d6zbekistan, Ta\u015fkent Magic City LCW\">\r\n\t\t\t<a href=\"https:\/\/akmirgroup.com\/kz\/proje\/ozbekistan-taskent-magic-city-lcw\/\">\r\n\t\t\t\t<img loading=\"lazy\" decoding=\"async\" width=\"720\" height=\"720\" src=\"https:\/\/akmirgroup.com\/wp-content\/uploads\/2022\/09\/dde.jpg\" class=\"attachment-theratio-portfolio-thumbnail-grid size-theratio-portfolio-thumbnail-grid wp-post-image\" alt=\"\" srcset=\"https:\/\/akmirgroup.com\/wp-content\/uploads\/2022\/09\/dde.jpg 721w, https:\/\/akmirgroup.com\/wp-content\/uploads\/2022\/09\/dde-300x300.jpg 300w, https:\/\/akmirgroup.com\/wp-content\/uploads\/2022\/09\/dde-150x150.jpg 150w\" sizes=\"auto, (max-width: 720px) 100vw, 720px\" \/>\t\t\t<\/a>\r\n\t\t\t\r\n\t\t\t<span class=\"overlay\">\r\n\t\t\t\t<h5>\u00d6zbekistan, Ta\u015fkent Magic City LCW<\/h5>\r\n\t\t\t\t<i class=\"ot-flaticon-add\"><\/i>\r\n\t\t\t<\/span>\r\n\t\t<\/div>\r\n\t\t<div class=\"portfolio-info\">\r\n\t\t\t<div class=\"portfolio-info-inner\">\r\n\t\t\t\t<h5><a class=\"title-link\" href=\"https:\/\/akmirgroup.com\/kz\/proje\/ozbekistan-taskent-magic-city-lcw\/\" data-src=\"https:\/\/akmirgroup.com\/wp-content\/uploads\/2022\/09\/dde.jpg\" data-sub-html=\"\u00d6zbekistan, Ta\u015fkent Magic City LCW\">\u00d6zbekistan, Ta\u015fkent Magic City LCW<\/a><\/h5>\r\n\t\t\t\t \r\n\t\t\t<\/div>\r\n\t\t\t<a class=\"overlay\" href=\"https:\/\/akmirgroup.com\/kz\/proje\/ozbekistan-taskent-magic-city-lcw\/\"><\/a>\r\n\t\t<\/div>\r\n\t<\/div>\r\n<\/div>\r\n<div class=\"project-item \">\r\n\t<div class=\"projects-box\">\r\n\t\t<div class=\"projects-thumbnail\" data-src=\"https:\/\/akmirgroup.com\/wp-content\/uploads\/2022\/09\/test1.jpg\" data-sub-html=\"Rusya, Grozni LCW\">\r\n\t\t\t<a href=\"https:\/\/akmirgroup.com\/kz\/proje\/rusya-grozny-lcw\/\">\r\n\t\t\t\t<img loading=\"lazy\" decoding=\"async\" width=\"720\" height=\"720\" src=\"https:\/\/akmirgroup.com\/wp-content\/uploads\/2022\/09\/test1.jpg\" class=\"attachment-theratio-portfolio-thumbnail-grid size-theratio-portfolio-thumbnail-grid wp-post-image\" alt=\"\" srcset=\"https:\/\/akmirgroup.com\/wp-content\/uploads\/2022\/09\/test1.jpg 721w, https:\/\/akmirgroup.com\/wp-content\/uploads\/2022\/09\/test1-300x300.jpg 300w, https:\/\/akmirgroup.com\/wp-content\/uploads\/2022\/09\/test1-150x150.jpg 150w\" sizes=\"auto, (max-width: 720px) 100vw, 720px\" \/>\t\t\t<\/a>\r\n\t\t\t\r\n\t\t\t<span class=\"overlay\">\r\n\t\t\t\t<h5>Rusya, Grozni LCW<\/h5>\r\n\t\t\t\t<i class=\"ot-flaticon-add\"><\/i>\r\n\t\t\t<\/span>\r\n\t\t<\/div>\r\n\t\t<div class=\"portfolio-info\">\r\n\t\t\t<div class=\"portfolio-info-inner\">\r\n\t\t\t\t<h5><a class=\"title-link\" href=\"https:\/\/akmirgroup.com\/kz\/proje\/rusya-grozny-lcw\/\" data-src=\"https:\/\/akmirgroup.com\/wp-content\/uploads\/2022\/09\/test1.jpg\" data-sub-html=\"Rusya, Grozni LCW\">Rusya, Grozni LCW<\/a><\/h5>\r\n\t\t\t\t \r\n\t\t\t<\/div>\r\n\t\t\t<a class=\"overlay\" href=\"https:\/\/akmirgroup.com\/kz\/proje\/rusya-grozny-lcw\/\"><\/a>\r\n\t\t<\/div>\r\n\t<\/div>\r\n<\/div>\r\n<div class=\"project-item \">\r\n\t<div class=\"projects-box\">\r\n\t\t<div class=\"projects-thumbnail\" data-src=\"https:\/\/akmirgroup.com\/wp-content\/uploads\/2022\/09\/2-1.jpg\" data-sub-html=\"Kazakistan, \u00c7imkent Bayansulu LCW\">\r\n\t\t\t<a href=\"https:\/\/akmirgroup.com\/kz\/proje\/kazakistan-cimkent-bayansulu-lcw\/\">\r\n\t\t\t\t<img loading=\"lazy\" decoding=\"async\" width=\"720\" height=\"720\" src=\"https:\/\/akmirgroup.com\/wp-content\/uploads\/2022\/09\/2-1.jpg\" class=\"attachment-theratio-portfolio-thumbnail-grid size-theratio-portfolio-thumbnail-grid wp-post-image\" alt=\"\" srcset=\"https:\/\/akmirgroup.com\/wp-content\/uploads\/2022\/09\/2-1.jpg 721w, https:\/\/akmirgroup.com\/wp-content\/uploads\/2022\/09\/2-1-300x300.jpg 300w, https:\/\/akmirgroup.com\/wp-content\/uploads\/2022\/09\/2-1-150x150.jpg 150w\" sizes=\"auto, (max-width: 720px) 100vw, 720px\" \/>\t\t\t<\/a>\r\n\t\t\t\r\n\t\t\t<span class=\"overlay\">\r\n\t\t\t\t<h5>Kazakistan, \u00c7imkent Bayansulu LCW<\/h5>\r\n\t\t\t\t<i class=\"ot-flaticon-add\"><\/i>\r\n\t\t\t<\/span>\r\n\t\t<\/div>\r\n\t\t<div class=\"portfolio-info\">\r\n\t\t\t<div class=\"portfolio-info-inner\">\r\n\t\t\t\t<h5><a class=\"title-link\" href=\"https:\/\/akmirgroup.com\/kz\/proje\/kazakistan-cimkent-bayansulu-lcw\/\" data-src=\"https:\/\/akmirgroup.com\/wp-content\/uploads\/2022\/09\/2-1.jpg\" data-sub-html=\"Kazakistan, \u00c7imkent Bayansulu LCW\">Kazakistan, \u00c7imkent Bayansulu LCW<\/a><\/h5>\r\n\t\t\t\t \r\n\t\t\t<\/div>\r\n\t\t\t<a class=\"overlay\" href=\"https:\/\/akmirgroup.com\/kz\/proje\/kazakistan-cimkent-bayansulu-lcw\/\"><\/a>\r\n\t\t<\/div>\r\n\t<\/div>\r\n<\/div>\t\t\t<\/div>\r\n\r\n\t\t\t<div class=\"btn-block\"><a href=\"#\" class=\"btn-loadmore octf-btn\" data-category=\"\" data-loaded=\"\u041a\u04e9\u0431\u0456\u0440\u0435\u043a\" data-loading=\"\u0416\u04af\u043a\u0442\u0435\u043b\u0443\u0434\u0435\" data-style=\"grid\">\u041a\u04e9\u0431\u0456\u0440\u0435\u043a<\/a><\/div>\t    <\/div>\r\n\t\t\t\t\t\t\t\t\t\t\r\n\t    \t\t<\/div>\n\t\t\t\t<\/div>\n\t\t\t\t\t<\/div>\n\t\t<\/div>\n\t\t\t\t\t\t\t<\/div>\n\t\t<\/section>\n\t\t\t\t\t\t\t<\/div>\n\t\t","protected":false},"excerpt":{"rendered":"<p>[ \u0431\u0456\u0437\u0434\u0456\u04a3 \u0436\u043e\u0431\u0430\u043b\u0430\u0440 ] \u0411\u0456\u0437 \u043e\u0440\u044b\u043d\u0434\u0430\u0493\u0430\u043d \u0436\u043e\u0431\u0430\u043b\u0430\u0440 \u043c\u0435\u0434\u0438\u0446\u0438\u043d\u0430\u043b\u044b\u049b \u043e\u0440\u0442\u0430\u043b\u044b\u049b \u043c\u0435\u0434\u0438\u0446\u0438\u043d\u0430\u043b\u044b\u049b \u043e\u0440\u0442\u0430\u043b\u044b\u049b Site projesi Site projesi K\u0131rg\u0131zistan, Bi\u015fkek Dordoi Plaza LCW K\u0131rg\u0131zistan, Bi\u015fkek Dordoi Plaza LCW \u00d6zbekistan, Ta\u015fkent Magic City LCW \u00d6zbekistan, Ta\u015fkent Magic City LCW Rusya, Grozni LCW Rusya, Grozni LCW Kazakistan, \u00c7imkent Bayansulu LCW Kazakistan, \u00c7imkent Bayansulu LCW \u041a\u04e9\u0431\u0456\u0440\u0435\u043a<\/p>\n","protected":false},"author":1,"featured_media":0,"parent":0,"menu_order":0,"comment_status":"closed","ping_status":"closed","template":"","meta":{"footnotes":""},"class_list":["post-6153","page","type-page","status-publish","hentry"],"_links":{"self":[{"href":"https:\/\/akmirgroup.com\/kz\/wp-json\/wp\/v2\/pages\/6153","targetHints":{"allow":["GET"]}}],"collection":[{"href":"https:\/\/akmirgroup.com\/kz\/wp-json\/wp\/v2\/pages"}],"about":[{"href":"https:\/\/akmirgroup.com\/kz\/wp-json\/wp\/v2\/types\/page"}],"author":[{"embeddable":true,"href":"https:\/\/akmirgroup.com\/kz\/wp-json\/wp\/v2\/users\/1"}],"replies":[{"embeddable":true,"href":"https:\/\/akmirgroup.com\/kz\/wp-json\/wp\/v2\/comments?post=6153"}],"version-history":[{"count":6,"href":"https:\/\/akmirgroup.com\/kz\/wp-json\/wp\/v2\/pages\/6153\/revisions"}],"predecessor-version":[{"id":6308,"href":"https:\/\/akmirgroup.com\/kz\/wp-json\/wp\/v2\/pages\/6153\/revisions\/6308"}],"wp:attachment":[{"href":"https:\/\/akmirgroup.com\/kz\/wp-json\/wp\/v2\/media?parent=6153"}],"curies":[{"name":"wp","href":"https:\/\/api.w.org\/{rel}","templated":true}]}}