{"id":6315,"date":"2020-05-18T04:43:59","date_gmt":"2020-05-18T04:43:59","guid":{"rendered":"https:\/\/akmirgroup.com\/%d0%bd%d0%b0%d1%88%d0%b8-%d0%bf%d1%80%d0%be%d0%b5%d0%ba%d1%82%d1%8b\/"},"modified":"2020-05-18T04:43:59","modified_gmt":"2020-05-18T04:43:59","slug":"%d0%bd%d0%b0%d1%88%d0%b8-%d0%bf%d1%80%d0%be%d0%b5%d0%ba%d1%82%d1%8b","status":"publish","type":"page","link":"https:\/\/akmirgroup.com\/ru\/%d0%bd%d0%b0%d1%88%d0%b8-%d0%bf%d1%80%d0%be%d0%b5%d0%ba%d1%82%d1%8b\/","title":{"rendered":"\u043d\u0430\u0448\u0438 \u043f\u0440\u043e\u0435\u043a\u0442\u044b"},"content":{"rendered":"\t\t<div data-elementor-type=\"wp-page\" data-elementor-id=\"6315\" class=\"elementor elementor-6315\">\n\t\t\t\t\t\t\t\t\t<section class=\"elementor-section elementor-top-section elementor-element elementor-element-b29e3dd elementor-section-boxed elementor-section-height-default elementor-section-height-default\" data-id=\"b29e3dd\" data-element_type=\"section\">\n\t\t\t\t\t\t<div class=\"elementor-container elementor-column-gap-default\">\n\t\t\t\t\t<div class=\"elementor-column elementor-col-100 elementor-top-column elementor-element elementor-element-d6303c8 ot-flex-column-vertical\" data-id=\"d6303c8\" data-element_type=\"column\">\n\t\t\t<div class=\"elementor-widget-wrap elementor-element-populated\">\n\t\t\t\t\t\t\t\t<div class=\"elementor-element elementor-element-e09abd0 theratio-align-center elementor-widget elementor-widget-iheading\" data-id=\"e09abd0\" data-element_type=\"widget\" data-widget_type=\"iheading.default\">\n\t\t\t\t<div class=\"elementor-widget-container\">\n\t\t\t\t\t<div class=\"ot-heading is-dots\">\r\n\t        \t            <span>[ Projelerimiz ]<\/span>\r\n\t        \t        <h2 class=\"main-heading\">Yapm\u0131\u015f oldu\u011fumuz<br>  Projelerimizden baz\u0131lar\u0131<\/h2>\r\n\t        \t    <\/div>\r\n\t    \t\t<\/div>\n\t\t\t\t<\/div>\n\t\t\t\t<div class=\"elementor-element elementor-element-1089088 elementor-widget elementor-widget-ipfilter\" data-id=\"1089088\" data-element_type=\"widget\" data-widget_type=\"ipfilter.default\">\n\t\t\t\t<div class=\"elementor-widget-container\">\n\t\t\t\r\n\t\t<div class=\"project-filter-wrapper\">\r\n\t\t\t\t\t\t\t        <div class=\"projects-grid pf_3_cols style-1 img-scale w-auto\" data-load=\"8\" data-count=\"19\">\r\n\t\t\t<div class=\"grid-sizer\"><\/div>\r\n\t            \r\n<div class=\"project-item \">\r\n\t<div class=\"projects-box\">\r\n\t\t<div class=\"projects-thumbnail\" data-src=\"https:\/\/akmirgroup.com\/wp-content\/uploads\/2022\/10\/hastane1.jpg\" data-sub-html=\"\u041f\u0440\u043e\u0435\u043a\u0442 \u0426\u0435\u043d\u0442\u0440\u0430 \u0437\u0434\u043e\u0440\u043e\u0432\u044c\u044f\">\r\n\t\t\t<a href=\"https:\/\/akmirgroup.com\/ru\/proje\/%d0%bf%d1%80%d0%be%d0%b5%d0%ba%d1%82-%d1%86%d0%b5%d0%bd%d1%82%d1%80%d0%b0-%d0%b7%d0%b4%d0%be%d1%80%d0%be%d0%b2%d1%8c%d1%8f\/\">\r\n\t\t\t\t<img loading=\"lazy\" decoding=\"async\" width=\"720\" height=\"720\" src=\"https:\/\/akmirgroup.com\/wp-content\/uploads\/2022\/10\/hastane1.jpg\" class=\"attachment-theratio-portfolio-thumbnail-grid size-theratio-portfolio-thumbnail-grid wp-post-image\" alt=\"\" srcset=\"https:\/\/akmirgroup.com\/wp-content\/uploads\/2022\/10\/hastane1.jpg 721w, https:\/\/akmirgroup.com\/wp-content\/uploads\/2022\/10\/hastane1-300x300.jpg 300w, https:\/\/akmirgroup.com\/wp-content\/uploads\/2022\/10\/hastane1-150x150.jpg 150w\" sizes=\"auto, (max-width: 720px) 100vw, 720px\" \/>\t\t\t<\/a>\r\n\t\t\t\r\n\t\t\t<span class=\"overlay\">\r\n\t\t\t\t<h5>\u041f\u0440\u043e\u0435\u043a\u0442 \u0426\u0435\u043d\u0442\u0440\u0430 \u0437\u0434\u043e\u0440\u043e\u0432\u044c\u044f<\/h5>\r\n\t\t\t\t<i class=\"ot-flaticon-add\"><\/i>\r\n\t\t\t<\/span>\r\n\t\t<\/div>\r\n\t\t<div class=\"portfolio-info\">\r\n\t\t\t<div class=\"portfolio-info-inner\">\r\n\t\t\t\t<h5><a class=\"title-link\" href=\"https:\/\/akmirgroup.com\/ru\/proje\/%d0%bf%d1%80%d0%be%d0%b5%d0%ba%d1%82-%d1%86%d0%b5%d0%bd%d1%82%d1%80%d0%b0-%d0%b7%d0%b4%d0%be%d1%80%d0%be%d0%b2%d1%8c%d1%8f\/\" data-src=\"https:\/\/akmirgroup.com\/wp-content\/uploads\/2022\/10\/hastane1.jpg\" data-sub-html=\"\u041f\u0440\u043e\u0435\u043a\u0442 \u0426\u0435\u043d\u0442\u0440\u0430 \u0437\u0434\u043e\u0440\u043e\u0432\u044c\u044f\">\u041f\u0440\u043e\u0435\u043a\u0442 \u0426\u0435\u043d\u0442\u0440\u0430 \u0437\u0434\u043e\u0440\u043e\u0432\u044c\u044f<\/a><\/h5>\r\n\t\t\t\t \r\n\t\t\t<\/div>\r\n\t\t\t<a class=\"overlay\" href=\"https:\/\/akmirgroup.com\/ru\/proje\/%d0%bf%d1%80%d0%be%d0%b5%d0%ba%d1%82-%d1%86%d0%b5%d0%bd%d1%82%d1%80%d0%b0-%d0%b7%d0%b4%d0%be%d1%80%d0%be%d0%b2%d1%8c%d1%8f\/\"><\/a>\r\n\t\t<\/div>\r\n\t<\/div>\r\n<\/div>\r\n<div class=\"project-item \">\r\n\t<div class=\"projects-box\">\r\n\t\t<div class=\"projects-thumbnail\" data-src=\"https:\/\/akmirgroup.com\/wp-content\/uploads\/2022\/10\/villa.jpg\" data-sub-html=\"\u041f\u0440\u043e\u0435\u043a\u0442 \u0441\u0430\u0439\u0442\u0430\">\r\n\t\t\t<a href=\"https:\/\/akmirgroup.com\/ru\/proje\/%d0%bf%d1%80%d0%be%d0%b5%d0%ba%d1%82-%d1%81%d0%b0%d0%b9%d1%82%d0%b0\/\">\r\n\t\t\t\t<img loading=\"lazy\" decoding=\"async\" width=\"720\" height=\"720\" src=\"https:\/\/akmirgroup.com\/wp-content\/uploads\/2022\/10\/villa.jpg\" class=\"attachment-theratio-portfolio-thumbnail-grid size-theratio-portfolio-thumbnail-grid wp-post-image\" alt=\"\" srcset=\"https:\/\/akmirgroup.com\/wp-content\/uploads\/2022\/10\/villa.jpg 721w, https:\/\/akmirgroup.com\/wp-content\/uploads\/2022\/10\/villa-300x300.jpg 300w, https:\/\/akmirgroup.com\/wp-content\/uploads\/2022\/10\/villa-150x150.jpg 150w\" sizes=\"auto, (max-width: 720px) 100vw, 720px\" \/>\t\t\t<\/a>\r\n\t\t\t\r\n\t\t\t<span class=\"overlay\">\r\n\t\t\t\t<h5>\u041f\u0440\u043e\u0435\u043a\u0442 \u0441\u0430\u0439\u0442\u0430<\/h5>\r\n\t\t\t\t<i class=\"ot-flaticon-add\"><\/i>\r\n\t\t\t<\/span>\r\n\t\t<\/div>\r\n\t\t<div class=\"portfolio-info\">\r\n\t\t\t<div class=\"portfolio-info-inner\">\r\n\t\t\t\t<h5><a class=\"title-link\" href=\"https:\/\/akmirgroup.com\/ru\/proje\/%d0%bf%d1%80%d0%be%d0%b5%d0%ba%d1%82-%d1%81%d0%b0%d0%b9%d1%82%d0%b0\/\" data-src=\"https:\/\/akmirgroup.com\/wp-content\/uploads\/2022\/10\/villa.jpg\" data-sub-html=\"\u041f\u0440\u043e\u0435\u043a\u0442 \u0441\u0430\u0439\u0442\u0430\">\u041f\u0440\u043e\u0435\u043a\u0442 \u0441\u0430\u0439\u0442\u0430<\/a><\/h5>\r\n\t\t\t\t \r\n\t\t\t<\/div>\r\n\t\t\t<a class=\"overlay\" href=\"https:\/\/akmirgroup.com\/ru\/proje\/%d0%bf%d1%80%d0%be%d0%b5%d0%ba%d1%82-%d1%81%d0%b0%d0%b9%d1%82%d0%b0\/\"><\/a>\r\n\t\t<\/div>\r\n\t<\/div>\r\n<\/div>\r\n<div class=\"project-item \">\r\n\t<div class=\"projects-box\">\r\n\t\t<div class=\"projects-thumbnail\" data-src=\"https:\/\/akmirgroup.com\/wp-content\/uploads\/2022\/09\/1-2.jpg\" data-sub-html=\"K\u0131rg\u0131zistan, Bi\u015fkek Dordoi Plaza LCW\">\r\n\t\t\t<a href=\"https:\/\/akmirgroup.com\/ru\/proje\/kirgizistan-biskek-dordoi-plaza-lcw\/\">\r\n\t\t\t\t<img loading=\"lazy\" decoding=\"async\" width=\"720\" height=\"720\" src=\"https:\/\/akmirgroup.com\/wp-content\/uploads\/2022\/09\/1-2.jpg\" class=\"attachment-theratio-portfolio-thumbnail-grid size-theratio-portfolio-thumbnail-grid wp-post-image\" alt=\"\" srcset=\"https:\/\/akmirgroup.com\/wp-content\/uploads\/2022\/09\/1-2.jpg 721w, https:\/\/akmirgroup.com\/wp-content\/uploads\/2022\/09\/1-2-300x300.jpg 300w, https:\/\/akmirgroup.com\/wp-content\/uploads\/2022\/09\/1-2-150x150.jpg 150w\" sizes=\"auto, (max-width: 720px) 100vw, 720px\" \/>\t\t\t<\/a>\r\n\t\t\t\r\n\t\t\t<span class=\"overlay\">\r\n\t\t\t\t<h5>K\u0131rg\u0131zistan, Bi\u015fkek Dordoi Plaza LCW<\/h5>\r\n\t\t\t\t<i class=\"ot-flaticon-add\"><\/i>\r\n\t\t\t<\/span>\r\n\t\t<\/div>\r\n\t\t<div class=\"portfolio-info\">\r\n\t\t\t<div class=\"portfolio-info-inner\">\r\n\t\t\t\t<h5><a class=\"title-link\" href=\"https:\/\/akmirgroup.com\/ru\/proje\/kirgizistan-biskek-dordoi-plaza-lcw\/\" data-src=\"https:\/\/akmirgroup.com\/wp-content\/uploads\/2022\/09\/1-2.jpg\" data-sub-html=\"K\u0131rg\u0131zistan, Bi\u015fkek Dordoi Plaza LCW\">K\u0131rg\u0131zistan, Bi\u015fkek Dordoi Plaza LCW<\/a><\/h5>\r\n\t\t\t\t \r\n\t\t\t<\/div>\r\n\t\t\t<a class=\"overlay\" href=\"https:\/\/akmirgroup.com\/ru\/proje\/kirgizistan-biskek-dordoi-plaza-lcw\/\"><\/a>\r\n\t\t<\/div>\r\n\t<\/div>\r\n<\/div>\r\n<div class=\"project-item \">\r\n\t<div class=\"projects-box\">\r\n\t\t<div class=\"projects-thumbnail\" data-src=\"https:\/\/akmirgroup.com\/wp-content\/uploads\/2022\/09\/dde.jpg\" data-sub-html=\"\u00d6zbekistan, Taskent Magic City LCW\">\r\n\t\t\t<a href=\"https:\/\/akmirgroup.com\/ru\/proje\/ozbekistan-taskent-magic-city-lcw\/\">\r\n\t\t\t\t<img loading=\"lazy\" decoding=\"async\" width=\"720\" height=\"720\" src=\"https:\/\/akmirgroup.com\/wp-content\/uploads\/2022\/09\/dde.jpg\" class=\"attachment-theratio-portfolio-thumbnail-grid size-theratio-portfolio-thumbnail-grid wp-post-image\" alt=\"\" srcset=\"https:\/\/akmirgroup.com\/wp-content\/uploads\/2022\/09\/dde.jpg 721w, https:\/\/akmirgroup.com\/wp-content\/uploads\/2022\/09\/dde-300x300.jpg 300w, https:\/\/akmirgroup.com\/wp-content\/uploads\/2022\/09\/dde-150x150.jpg 150w\" sizes=\"auto, (max-width: 720px) 100vw, 720px\" \/>\t\t\t<\/a>\r\n\t\t\t\r\n\t\t\t<span class=\"overlay\">\r\n\t\t\t\t<h5>\u00d6zbekistan, Taskent Magic City LCW<\/h5>\r\n\t\t\t\t<i class=\"ot-flaticon-add\"><\/i>\r\n\t\t\t<\/span>\r\n\t\t<\/div>\r\n\t\t<div class=\"portfolio-info\">\r\n\t\t\t<div class=\"portfolio-info-inner\">\r\n\t\t\t\t<h5><a class=\"title-link\" href=\"https:\/\/akmirgroup.com\/ru\/proje\/ozbekistan-taskent-magic-city-lcw\/\" data-src=\"https:\/\/akmirgroup.com\/wp-content\/uploads\/2022\/09\/dde.jpg\" data-sub-html=\"\u00d6zbekistan, Taskent Magic City LCW\">\u00d6zbekistan, Taskent Magic City LCW<\/a><\/h5>\r\n\t\t\t\t \r\n\t\t\t<\/div>\r\n\t\t\t<a class=\"overlay\" href=\"https:\/\/akmirgroup.com\/ru\/proje\/ozbekistan-taskent-magic-city-lcw\/\"><\/a>\r\n\t\t<\/div>\r\n\t<\/div>\r\n<\/div>\r\n<div class=\"project-item \">\r\n\t<div class=\"projects-box\">\r\n\t\t<div class=\"projects-thumbnail\" data-src=\"https:\/\/akmirgroup.com\/wp-content\/uploads\/2022\/09\/test1.jpg\" data-sub-html=\"Rusya, Grozny LCW\">\r\n\t\t\t<a href=\"https:\/\/akmirgroup.com\/ru\/proje\/rusya-grozny-lcw\/\">\r\n\t\t\t\t<img loading=\"lazy\" decoding=\"async\" width=\"720\" height=\"720\" src=\"https:\/\/akmirgroup.com\/wp-content\/uploads\/2022\/09\/test1.jpg\" class=\"attachment-theratio-portfolio-thumbnail-grid size-theratio-portfolio-thumbnail-grid wp-post-image\" alt=\"\" srcset=\"https:\/\/akmirgroup.com\/wp-content\/uploads\/2022\/09\/test1.jpg 721w, https:\/\/akmirgroup.com\/wp-content\/uploads\/2022\/09\/test1-300x300.jpg 300w, https:\/\/akmirgroup.com\/wp-content\/uploads\/2022\/09\/test1-150x150.jpg 150w\" sizes=\"auto, (max-width: 720px) 100vw, 720px\" \/>\t\t\t<\/a>\r\n\t\t\t\r\n\t\t\t<span class=\"overlay\">\r\n\t\t\t\t<h5>Rusya, Grozny LCW<\/h5>\r\n\t\t\t\t<i class=\"ot-flaticon-add\"><\/i>\r\n\t\t\t<\/span>\r\n\t\t<\/div>\r\n\t\t<div class=\"portfolio-info\">\r\n\t\t\t<div class=\"portfolio-info-inner\">\r\n\t\t\t\t<h5><a class=\"title-link\" href=\"https:\/\/akmirgroup.com\/ru\/proje\/rusya-grozny-lcw\/\" data-src=\"https:\/\/akmirgroup.com\/wp-content\/uploads\/2022\/09\/test1.jpg\" data-sub-html=\"Rusya, Grozny LCW\">Rusya, Grozny LCW<\/a><\/h5>\r\n\t\t\t\t \r\n\t\t\t<\/div>\r\n\t\t\t<a class=\"overlay\" href=\"https:\/\/akmirgroup.com\/ru\/proje\/rusya-grozny-lcw\/\"><\/a>\r\n\t\t<\/div>\r\n\t<\/div>\r\n<\/div>\r\n<div class=\"project-item \">\r\n\t<div class=\"projects-box\">\r\n\t\t<div class=\"projects-thumbnail\" data-src=\"https:\/\/akmirgroup.com\/wp-content\/uploads\/2022\/09\/2-1.jpg\" data-sub-html=\"Kazakistan, \u00c7imkent Bayansulu LCW\">\r\n\t\t\t<a href=\"https:\/\/akmirgroup.com\/ru\/proje\/kazakistan-cimkent-bayansulu-lcw\/\">\r\n\t\t\t\t<img loading=\"lazy\" decoding=\"async\" width=\"720\" height=\"720\" src=\"https:\/\/akmirgroup.com\/wp-content\/uploads\/2022\/09\/2-1.jpg\" class=\"attachment-theratio-portfolio-thumbnail-grid size-theratio-portfolio-thumbnail-grid wp-post-image\" alt=\"\" srcset=\"https:\/\/akmirgroup.com\/wp-content\/uploads\/2022\/09\/2-1.jpg 721w, https:\/\/akmirgroup.com\/wp-content\/uploads\/2022\/09\/2-1-300x300.jpg 300w, https:\/\/akmirgroup.com\/wp-content\/uploads\/2022\/09\/2-1-150x150.jpg 150w\" sizes=\"auto, (max-width: 720px) 100vw, 720px\" \/>\t\t\t<\/a>\r\n\t\t\t\r\n\t\t\t<span class=\"overlay\">\r\n\t\t\t\t<h5>Kazakistan, \u00c7imkent Bayansulu LCW<\/h5>\r\n\t\t\t\t<i class=\"ot-flaticon-add\"><\/i>\r\n\t\t\t<\/span>\r\n\t\t<\/div>\r\n\t\t<div class=\"portfolio-info\">\r\n\t\t\t<div class=\"portfolio-info-inner\">\r\n\t\t\t\t<h5><a class=\"title-link\" href=\"https:\/\/akmirgroup.com\/ru\/proje\/kazakistan-cimkent-bayansulu-lcw\/\" data-src=\"https:\/\/akmirgroup.com\/wp-content\/uploads\/2022\/09\/2-1.jpg\" data-sub-html=\"Kazakistan, \u00c7imkent Bayansulu LCW\">Kazakistan, \u00c7imkent Bayansulu LCW<\/a><\/h5>\r\n\t\t\t\t \r\n\t\t\t<\/div>\r\n\t\t\t<a class=\"overlay\" href=\"https:\/\/akmirgroup.com\/ru\/proje\/kazakistan-cimkent-bayansulu-lcw\/\"><\/a>\r\n\t\t<\/div>\r\n\t<\/div>\r\n<\/div>\t\t\t<\/div>\r\n\r\n\t\t\t<div class=\"btn-block\"><a href=\"#\" class=\"btn-loadmore octf-btn\" data-category=\"\" data-loaded=\"Devam\u0131\" data-loading=\"Y\u00fckleniyor\" data-style=\"grid\">Devam\u0131<\/a><\/div>\t    <\/div>\r\n\t\t\t\t\t\t\t\t\t\t\r\n\t    \t\t<\/div>\n\t\t\t\t<\/div>\n\t\t\t\t\t<\/div>\n\t\t<\/div>\n\t\t\t\t\t\t\t<\/div>\n\t\t<\/section>\n\t\t\t\t\t\t\t<\/div>\n\t\t","protected":false},"excerpt":{"rendered":"<p>[ Projelerimiz ] Yapm\u0131\u015f oldu\u011fumuz Projelerimizden baz\u0131lar\u0131 Sa\u011fl\u0131k Merkezi Projesi Sa\u011fl\u0131k Merkezi Projesi Site Projesi Site Projesi K\u0131rg\u0131zistan, Bi\u015fkek Dordoi Plaza LCW K\u0131rg\u0131zistan, Bi\u015fkek Dordoi Plaza LCW \u00d6zbekistan, Taskent Magic City LCW \u00d6zbekistan, Taskent Magic City LCW Rusya, Grozny LCW Rusya, Grozny LCW Kazakistan, \u00c7imkent Bayansulu LCW Kazakistan, \u00c7imkent Bayansulu LCW Devam\u0131<\/p>\n","protected":false},"author":1,"featured_media":0,"parent":0,"menu_order":0,"comment_status":"closed","ping_status":"closed","template":"","meta":{"footnotes":""},"class_list":["post-6315","page","type-page","status-publish","hentry"],"_links":{"self":[{"href":"https:\/\/akmirgroup.com\/ru\/wp-json\/wp\/v2\/pages\/6315","targetHints":{"allow":["GET"]}}],"collection":[{"href":"https:\/\/akmirgroup.com\/ru\/wp-json\/wp\/v2\/pages"}],"about":[{"href":"https:\/\/akmirgroup.com\/ru\/wp-json\/wp\/v2\/types\/page"}],"author":[{"embeddable":true,"href":"https:\/\/akmirgroup.com\/ru\/wp-json\/wp\/v2\/users\/1"}],"replies":[{"embeddable":true,"href":"https:\/\/akmirgroup.com\/ru\/wp-json\/wp\/v2\/comments?post=6315"}],"version-history":[{"count":0,"href":"https:\/\/akmirgroup.com\/ru\/wp-json\/wp\/v2\/pages\/6315\/revisions"}],"wp:attachment":[{"href":"https:\/\/akmirgroup.com\/ru\/wp-json\/wp\/v2\/media?parent=6315"}],"curies":[{"name":"wp","href":"https:\/\/api.w.org\/{rel}","templated":true}]}}